{"id":1246,"date":"2024-09-03T13:13:45","date_gmt":"2024-09-03T11:13:45","guid":{"rendered":"https:\/\/klin-dimniki.com\/politika-zasebnosti\/"},"modified":"2026-02-19T13:21:01","modified_gmt":"2026-02-19T12:21:01","slug":"politica-sulla-privacy","status":"publish","type":"page","link":"https:\/\/klin-dimniki.com\/it\/politica-sulla-privacy\/","title":{"rendered":"Politica sulla privacy"},"content":{"rendered":"<h2 class=\"entry-title\"><span data-sheets-root=\"1\">Protezione dei dati personali<\/span><\/h2>\n<p><span data-sheets-root=\"1\">La protezione della vostra privacy \u00e8 importante per noi, pertanto desideriamo aiutarvi con queste informazioni a capire quali vostri dati personali raccogliamo, perch\u00e9 li raccogliamo, come li utilizziamo, quali procedure di trattamento eseguiamo e quali sono i vostri diritti e come potete esercitarli.<\/span><\/p>\n<h3><span data-sheets-root=\"1\">1. Generale<\/span><\/h3>\n<p><span data-sheets-root=\"1\">Klin d.o.o., IOC Zapolje cesta I \/ 30, 1370 Logatec (di seguito: il gestore) \u00e8 consapevole dell&#8217;importanza di proteggere i dati personali, pertanto ha allineato questo settore al Regolamento europeo 2016\/679 sulla protezione delle persone fisiche con riguardo al trattamento dei dati personali e alla libera circolazione di tali dati e sulla abrogazione della direttiva 95\/46\/CE (di seguito GDPR).<\/span><\/p>\n<p><span data-sheets-root=\"1\">L&#8217;obiettivo principale del gestore \u00e8 offrirvi un servizio di prim&#8217;ordine e raggiungere cos\u00ec il vostro massimo soddisfacimento. Il gestore pu\u00f2 raccogliere e trattare alcuni dati personali per adattarsi pi\u00f9 rapidamente e meglio alle vostre esigenze e desideri, garantendovi una comunicazione pi\u00f9 efficace e un&#8217;esperienza utente migliore.<\/span><\/p>\n<p><span data-sheets-root=\"1\">Il gestore conserva e protegge con cura i vostri dati personali per evitare eventuali divulgazioni non autorizzate a persone non autorizzate.<\/span><\/p>\n<h3><span data-sheets-root=\"1\">2. Dati personali<\/span><\/h3>\n<p><span data-sheets-root=\"1\">Ai sensi del GDPR, dato personale \u00e8 qualsiasi informazione relativa a una persona fisica identificata o identificabile.<\/span><\/p>\n<p><span data-sheets-root=\"1\">Il gestore raccoglie e tratta esclusivamente i vostri dati personali che avete fornito al momento della registrazione per una determinata prestazione (registrazione alle newsletter o compilazione del modulo per richieste non vincolanti). Questi dati personali sono: nome e cognome, azienda, numero di telefono, indirizzo e-mail e indirizzo IP.<\/span><\/p>\n<p><span data-sheets-root=\"1\">Se fornite i dati per conto di qualcun altro, dovete assicurarvi che sia stato preventivamente informato e a conoscenza di questo avviso sulla protezione dei dati personali. Se avete meno di 16 anni, fornite i dati personali solo se avete l&#8217;autorizzazione di un genitore o di un tutore legale.<\/span><\/p>\n<p><span data-sheets-root=\"1\">Il gestore vi chiede di comunicare qualsiasi modifica ai vostri dati di contatto per mantenere aggiornati i dati.<\/span><\/p>\n<h3><span data-sheets-root=\"1\">3. Tutela dei dati personali<\/span><\/h3>\n<p><span data-sheets-root=\"1\">Il gestore utilizza e tratta i dati personali in base alla vigente legislazione slovena e al diritto dell&#8217;Unione europea.<\/span><\/p>\n<p><span data-sheets-root=\"1\">Il gestore, in qualit\u00e0 di gestore dei dati personali, rispetta la vostra privacy e si impegna a proteggere con cura tutti i dati personali acquisiti e a non trasmetterli a terzi senza il vostro consenso, n\u00e9 a utilizzarli per scopi diversi da quelli per cui sono stati trasmessi.<\/span><\/p>\n<p><span data-sheets-root=\"1\">I dati personali raccolti dall&#8217;amministratore possono essere trasferiti a terzi, a condizione che esista una base giuridica per il trasferimento (il vostro consenso esplicito o una disposizione di legge).<\/span><\/p>\n<p><span data-sheets-root=\"1\">Tutti i vostri dati personali sono conservati su server sicuri del responsabile del trattamento o su server sicuri di subappaltatori o partner commerciali del responsabile del trattamento (o in forma stampata sicura), con l&#8217;applicazione di politiche e standard di sicurezza del responsabile del trattamento per l&#8217;accesso e l&#8217;utilizzo degli stessi.<\/span><\/p>\n<p><span data-sheets-root=\"1\">Nonostante non sia possibile garantire una protezione completa contro gli attacchi informatici durante la trasmissione di dati tramite Internet o un sito web, l&#8217;operatore, insieme ai suoi subappaltatori e partner commerciali, si impegna a fondo per implementare misure di protezione fisiche, elettroniche e procedurali per proteggere i vostri dati in conformit\u00e0 con le vigenti normative sulla protezione dei dati.<\/span><\/p>\n<p><span data-sheets-root=\"1\">L&#8217;accesso ai vostri dati \u00e8 limitato alle persone che ne hanno bisogno per lo scopo in questione.<\/span><\/p>\n<h3><span data-sheets-root=\"1\">4. Periodo di conservazione dei dati personali<\/span><\/h3>\n<p><span data-sheets-root=\"1\">Il periodo di conservazione dei dati personali dipende dalla base e dallo scopo del trattamento di ciascuna categoria di dati personali. I dati personali vengono conservati solo per il tempo prescritto o consentito e necessario per raggiungere lo scopo per cui sono stati raccolti o ulteriormente elaborati. I dati personali vengono cancellati, distrutti, bloccati o anonimizzati al termine dello scopo del trattamento, se non esiste un&#8217;altra base giuridica o se \u00e8 necessario per far valere, esercitare o difendere rivendicazioni giuridiche.<\/span><\/p>\n<h3><span data-sheets-root=\"1\">5. I vostri diritti<\/span><\/h3>\n<p><span data-sheets-root=\"1\">Avete il diritto di:<\/span><\/p>\n<ul>\n<li><span data-sheets-root=\"1\">chiedere al responsabile di fornirvi ulteriori dettagli su come utilizza i vostri dati,<\/span><\/li>\n<li><span data-sheets-root=\"1\">avere accesso ai vostri dati personali e alle copie dei dati che avete fornito al responsabile del trattamento,<\/span><\/li>\n<li><span data-sheets-root=\"1\">ricevere i dati personali forniti al responsabile del trattamento in una forma strutturata, di uso comune e leggibile a macchina, e avete il diritto di trasmettere tali dati senza ostacoli a un altro responsabile del trattamento, se tecnicamente fattibile, se il trattamento dei vostri dati si basa sul vostro consenso o su un contratto e viene eseguito con mezzi automatizzati,<\/span><\/li>\n<li><span data-sheets-root=\"1\">chiedere al responsabile di aggiornare tutte le imprecisioni nei dati che conserva,<\/span><\/li>\n<li><span data-sheets-root=\"1\">chiedere al responsabile di cancellare tutti i dati per i quali non esiste pi\u00f9 una base giuridica,<\/span><\/li>\n<li><span data-sheets-root=\"1\">quando il trattamento si basa sul consenso e in relazione a qualsiasi marketing diretto, revocare il vostro consenso con effetto futuro, in modo che il responsabile cessi il trattamento indicato,<\/span><\/li>\n<li><span data-sheets-root=\"1\">non acconsentire a qualsiasi trattamento basato su interessi legittimi, a causa delle vostre circostanze particolari, a meno che i motivi del responsabile del trattamento per tale trattamento prevalgano su qualsiasi interferenza con i vostri diritti in materia di protezione dei dati,<\/span><\/li>\n<li><span data-sheets-root=\"1\">chiedere al responsabile di limitare il modo in cui utilizza i vostri dati, ad esempio durante l&#8217;esame di un reclamo.<\/span><\/li>\n<\/ul>\n<p><span data-sheets-root=\"1\">Per quanto riguarda l&#8217;attuazione di tali diritti, si applicano alcune eccezioni alla tutela dell&#8217;interesse pubblico (ad esempio, la prevenzione o l&#8217;accertamento di reati), degli interessi del responsabile del trattamento (ad esempio, la garanzia della riservatezza) o dei diritti e delle libert\u00e0 altrui. Se desiderate esercitare una di queste vostre facolt\u00e0, il responsabile verificher\u00e0 la vostra legittimit\u00e0 e risponder\u00e0 senza ritardi ingiustificati, ma al pi\u00f9 tardi entro un mese. In casi complessi o in caso di ricevimento di un gran numero di richieste, tale termine pu\u00f2 essere prorogato di ulteriori due mesi, di cui l&#8217;amministratore vi informer\u00e0.<\/span><\/p>\n<p><span data-sheets-root=\"1\">In qualsiasi momento avete il diritto di presentare un reclamo all&#8217;autorit\u00e0 di controllo per la protezione dei dati personali: Informacijski poobla\u0161\u010denec, Zalo\u0161ka 59, 1000 Ljubljana. www.ip-rs.si.<\/span> <a href=\"http:\/\/www.ip-rs.si\/\">www.ip-rs.si<\/a>.<\/p>\n<h3><span data-sheets-root=\"1\">6. Gestore<\/span><\/h3>\n<p><span data-sheets-root=\"1\">Il gestore dei vostri dati personali \u00e8 Klin d.o.o., IOC Zapolje cesta I \/ 30, 1370 Logatec.<\/span><\/p>\n<p><span data-sheets-root=\"1\">L&#8217;indirizzo di contatto per la protezione dei vostri dati \u00e8 info@klin-dimniki.com.<\/span><\/p>\n","protected":false},"excerpt":{"rendered":"<p>Protezione dei dati personali La protezione della vostra privacy \u00e8 importante per noi, pertanto desideriamo aiutarvi con queste informazioni a capire quali vostri dati personali raccogliamo, perch\u00e9 li raccogliamo, come li utilizziamo, quali procedure di trattamento eseguiamo e quali sono i vostri diritti e come potete esercitarli. 1. Generale Klin d.o.o., IOC Zapolje cesta I [&hellip;]<\/p>\n","protected":false},"author":1,"featured_media":0,"parent":0,"menu_order":100,"comment_status":"closed","ping_status":"closed","template":"","meta":{"_acf_changed":false,"inline_featured_image":false,"footnotes":""},"class_list":["post-1246","page","type-page","status-publish","hentry"],"acf":[],"yoast_head":"<!-- This site is optimized with the Yoast SEO plugin v19.14 - https:\/\/yoast.com\/wordpress\/plugins\/seo\/ -->\n<title>Politica sulla privacy - Klin<\/title>\n<meta name=\"robots\" content=\"index, follow, max-snippet:-1, max-image-preview:large, max-video-preview:-1\" \/>\n<link rel=\"canonical\" href=\"https:\/\/klin-dimniki.com\/it\/politica-sulla-privacy\/\" \/>\n<meta property=\"og:locale\" content=\"it_IT\" \/>\n<meta property=\"og:type\" content=\"article\" \/>\n<meta property=\"og:title\" content=\"Politica sulla privacy - Klin\" \/>\n<meta property=\"og:description\" content=\"Protezione dei dati personali La protezione della vostra privacy \u00e8 importante per noi, pertanto desideriamo aiutarvi con queste informazioni a capire quali vostri dati personali raccogliamo, perch\u00e9 li raccogliamo, come li utilizziamo, quali procedure di trattamento eseguiamo e quali sono i vostri diritti e come potete esercitarli. 1. Generale Klin d.o.o., IOC Zapolje cesta I [&hellip;]\" \/>\n<meta property=\"og:url\" content=\"https:\/\/klin-dimniki.com\/it\/politica-sulla-privacy\/\" \/>\n<meta property=\"og:site_name\" content=\"Klin\" \/>\n<meta property=\"article:modified_time\" content=\"2026-02-19T12:21:01+00:00\" \/>\n<meta name=\"twitter:card\" content=\"summary_large_image\" \/>\n<meta name=\"twitter:label1\" content=\"Est. reading time\" \/>\n\t<meta name=\"twitter:data1\" content=\"6 minutes\" \/>\n<script type=\"application\/ld+json\" class=\"yoast-schema-graph\">{\"@context\":\"https:\/\/schema.org\",\"@graph\":[{\"@type\":\"WebPage\",\"@id\":\"https:\/\/klin-dimniki.com\/it\/politica-sulla-privacy\/\",\"url\":\"https:\/\/klin-dimniki.com\/it\/politica-sulla-privacy\/\",\"name\":\"Politica sulla privacy - Klin\",\"isPartOf\":{\"@id\":\"https:\/\/klin-dimniki.com\/it\/#website\"},\"datePublished\":\"2024-09-03T11:13:45+00:00\",\"dateModified\":\"2026-02-19T12:21:01+00:00\",\"breadcrumb\":{\"@id\":\"https:\/\/klin-dimniki.com\/it\/politica-sulla-privacy\/#breadcrumb\"},\"inLanguage\":\"it-IT\",\"potentialAction\":[{\"@type\":\"ReadAction\",\"target\":[\"https:\/\/klin-dimniki.com\/it\/politica-sulla-privacy\/\"]}]},{\"@type\":\"BreadcrumbList\",\"@id\":\"https:\/\/klin-dimniki.com\/it\/politica-sulla-privacy\/#breadcrumb\",\"itemListElement\":[{\"@type\":\"ListItem\",\"position\":1,\"name\":\"Home\",\"item\":\"https:\/\/klin-dimniki.com\/it\/\"},{\"@type\":\"ListItem\",\"position\":2,\"name\":\"Politica sulla privacy\"}]},{\"@type\":\"WebSite\",\"@id\":\"https:\/\/klin-dimniki.com\/it\/#website\",\"url\":\"https:\/\/klin-dimniki.com\/it\/\",\"name\":\"Klin\",\"description\":\"Izdelava in monta\u017ea kovinskih dimnikov\",\"publisher\":{\"@id\":\"https:\/\/klin-dimniki.com\/it\/#organization\"},\"alternateName\":\"Klin\",\"potentialAction\":[{\"@type\":\"SearchAction\",\"target\":{\"@type\":\"EntryPoint\",\"urlTemplate\":\"https:\/\/klin-dimniki.com\/it\/?s={search_term_string}\"},\"query-input\":\"required name=search_term_string\"}],\"inLanguage\":\"it-IT\"},{\"@type\":\"Organization\",\"@id\":\"https:\/\/klin-dimniki.com\/it\/#organization\",\"name\":\"Klin\",\"url\":\"https:\/\/klin-dimniki.com\/it\/\",\"logo\":{\"@type\":\"ImageObject\",\"inLanguage\":\"it-IT\",\"@id\":\"https:\/\/klin-dimniki.com\/it\/#\/schema\/logo\/image\/\",\"url\":\"https:\/\/klin.agencijaepic.si\/app\/uploads\/2024\/12\/klin-logo-1.svg\",\"contentUrl\":\"https:\/\/klin.agencijaepic.si\/app\/uploads\/2024\/12\/klin-logo-1.svg\",\"width\":\"1024\",\"height\":\"1024\",\"caption\":\"Klin\"},\"image\":{\"@id\":\"https:\/\/klin-dimniki.com\/it\/#\/schema\/logo\/image\/\"}}]}<\/script>\n<!-- \/ Yoast SEO plugin. -->","yoast_head_json":{"title":"Politica sulla privacy - Klin","robots":{"index":"index","follow":"follow","max-snippet":"max-snippet:-1","max-image-preview":"max-image-preview:large","max-video-preview":"max-video-preview:-1"},"canonical":"https:\/\/klin-dimniki.com\/it\/politica-sulla-privacy\/","og_locale":"it_IT","og_type":"article","og_title":"Politica sulla privacy - Klin","og_description":"Protezione dei dati personali La protezione della vostra privacy \u00e8 importante per noi, pertanto desideriamo aiutarvi con queste informazioni a capire quali vostri dati personali raccogliamo, perch\u00e9 li raccogliamo, come li utilizziamo, quali procedure di trattamento eseguiamo e quali sono i vostri diritti e come potete esercitarli. 1. Generale Klin d.o.o., IOC Zapolje cesta I [&hellip;]","og_url":"https:\/\/klin-dimniki.com\/it\/politica-sulla-privacy\/","og_site_name":"Klin","article_modified_time":"2026-02-19T12:21:01+00:00","twitter_card":"summary_large_image","twitter_misc":{"Est. reading time":"6 minutes"},"schema":{"@context":"https:\/\/schema.org","@graph":[{"@type":"WebPage","@id":"https:\/\/klin-dimniki.com\/it\/politica-sulla-privacy\/","url":"https:\/\/klin-dimniki.com\/it\/politica-sulla-privacy\/","name":"Politica sulla privacy - Klin","isPartOf":{"@id":"https:\/\/klin-dimniki.com\/it\/#website"},"datePublished":"2024-09-03T11:13:45+00:00","dateModified":"2026-02-19T12:21:01+00:00","breadcrumb":{"@id":"https:\/\/klin-dimniki.com\/it\/politica-sulla-privacy\/#breadcrumb"},"inLanguage":"it-IT","potentialAction":[{"@type":"ReadAction","target":["https:\/\/klin-dimniki.com\/it\/politica-sulla-privacy\/"]}]},{"@type":"BreadcrumbList","@id":"https:\/\/klin-dimniki.com\/it\/politica-sulla-privacy\/#breadcrumb","itemListElement":[{"@type":"ListItem","position":1,"name":"Home","item":"https:\/\/klin-dimniki.com\/it\/"},{"@type":"ListItem","position":2,"name":"Politica sulla privacy"}]},{"@type":"WebSite","@id":"https:\/\/klin-dimniki.com\/it\/#website","url":"https:\/\/klin-dimniki.com\/it\/","name":"Klin","description":"Izdelava in monta\u017ea kovinskih dimnikov","publisher":{"@id":"https:\/\/klin-dimniki.com\/it\/#organization"},"alternateName":"Klin","potentialAction":[{"@type":"SearchAction","target":{"@type":"EntryPoint","urlTemplate":"https:\/\/klin-dimniki.com\/it\/?s={search_term_string}"},"query-input":"required name=search_term_string"}],"inLanguage":"it-IT"},{"@type":"Organization","@id":"https:\/\/klin-dimniki.com\/it\/#organization","name":"Klin","url":"https:\/\/klin-dimniki.com\/it\/","logo":{"@type":"ImageObject","inLanguage":"it-IT","@id":"https:\/\/klin-dimniki.com\/it\/#\/schema\/logo\/image\/","url":"https:\/\/klin.agencijaepic.si\/app\/uploads\/2024\/12\/klin-logo-1.svg","contentUrl":"https:\/\/klin.agencijaepic.si\/app\/uploads\/2024\/12\/klin-logo-1.svg","width":"1024","height":"1024","caption":"Klin"},"image":{"@id":"https:\/\/klin-dimniki.com\/it\/#\/schema\/logo\/image\/"}}]}},"_links":{"self":[{"href":"https:\/\/klin-dimniki.com\/it\/wp-json\/wp\/v2\/pages\/1246","targetHints":{"allow":["GET"]}}],"collection":[{"href":"https:\/\/klin-dimniki.com\/it\/wp-json\/wp\/v2\/pages"}],"about":[{"href":"https:\/\/klin-dimniki.com\/it\/wp-json\/wp\/v2\/types\/page"}],"author":[{"embeddable":true,"href":"https:\/\/klin-dimniki.com\/it\/wp-json\/wp\/v2\/users\/1"}],"replies":[{"embeddable":true,"href":"https:\/\/klin-dimniki.com\/it\/wp-json\/wp\/v2\/comments?post=1246"}],"version-history":[{"count":3,"href":"https:\/\/klin-dimniki.com\/it\/wp-json\/wp\/v2\/pages\/1246\/revisions"}],"predecessor-version":[{"id":1909,"href":"https:\/\/klin-dimniki.com\/it\/wp-json\/wp\/v2\/pages\/1246\/revisions\/1909"}],"wp:attachment":[{"href":"https:\/\/klin-dimniki.com\/it\/wp-json\/wp\/v2\/media?parent=1246"}],"curies":[{"name":"wp","href":"https:\/\/api.w.org\/{rel}","templated":true}]}}