{"id":1245,"date":"2024-09-03T13:13:45","date_gmt":"2024-09-03T11:13:45","guid":{"rendered":"https:\/\/klin-dimniki.com\/politika-zasebnosti\/"},"modified":"2026-02-17T12:22:48","modified_gmt":"2026-02-17T11:22:48","slug":"datenschutzerklaerung","status":"publish","type":"page","link":"https:\/\/klin-dimniki.com\/de\/datenschutzerklaerung\/","title":{"rendered":"Datenschutzerkl\u00e4rung"},"content":{"rendered":"<h2 class=\"entry-title\"><strong>Schutz personenbezogener Daten<\/strong><\/h2>\n<p><span style=\"font-size: 16px;\">Der Schutz Ihrer Privatsph\u00e4re ist uns wichtig, daher m\u00f6chten wir Ihnen mit diesen Informationen helfen zu verstehen, welche personenbezogenen Daten wir erheben, warum wir sie erheben, wie wir sie verwenden, welche Verarbeitungsvorg\u00e4nge wir durchf\u00fchren und welche Rechte Sie haben und wie Sie diese aus\u00fcben k\u00f6nnen.<\/span><\/p>\n<h3>1. Allgemeines<\/h3>\n<p>Klin d.o.o., IOC Zapolje cesta I \/ 30, SI-1370 Logatec (im Folgenden: Verantwortlicher) ist sich der Bedeutung des Schutzes personenbezogener Daten bewusst und hat diesen Bereich daher mit der EU-Verordnung 2016\/679 zum Schutz nat\u00fcrlicher Personen bei der Verarbeitung personenbezogener Daten, zum freien Datenverkehr und zur Aufhebung der Richtlinie 95\/46\/EG (im Folgenden DSGVO) in Einklang gebracht.<\/p>\n<p>Das Hauptziel des Verantwortlichen ist es, Ihnen einen erstklassigen Service zu bieten und damit Ihre optimale Zufriedenheit zu erreichen. Die Erhebung und Verarbeitung bestimmter personenbezogener Daten erm\u00f6glicht dem Verantwortlichen, schneller und besser auf Ihre Bed\u00fcrfnisse und W\u00fcnsche einzugehen, und bietet Ihnen gleichzeitig eine effizientere Kommunikation sowie ein verbessertes Nutzererlebnis.<\/p>\n<p>Der Verantwortliche bewahrt Ihre personenbezogenen Daten sorgf\u00e4ltig auf und sch\u00fctzt sie, um eine m\u00f6gliche unbefugte Offenlegung an unbefugte Dritte zu verhindern.<\/p>\n<h3>2. Personenbezogene Daten<\/h3>\n<p>Gem\u00e4\u00df DSGVO bezeichnet der Begriff \u201epersonenbezogene Daten\u201c alle Informationen, die sich auf eine identifizierte oder identifizierbare nat\u00fcrliche Person beziehen.<\/p>\n<p>Der Verantwortliche erhebt und verarbeitet ausschlie\u00dflich die personenbezogenen Daten, die Sie bei der Anmeldung f\u00fcr eine bestimmte Dienstleistung (Anmeldung zum Newsletter oder durch Ausf\u00fcllen des Formulars f\u00fcr eine unverbindliche Anfrage) angegeben haben. Diese personenbezogenen Daten sind: Vor- und Nachname, Unternehmen, Telefonnummer, E-Mail-Adresse und IP-Adresse.<\/p>\n<p>Wenn Sie Daten im Namen einer anderen Person \u00fcbermitteln, m\u00fcssen Sie sicherstellen, dass diese Person zuvor informiert wurde und mit dieser Datenschutzerkl\u00e4rung vertraut ist. Wenn Sie unter 16\u00a0Jahre alt sind, \u00fcbermitteln Sie personenbezogene Daten nur, wenn Sie die Erlaubnis eines Elternteils oder eines gesetzlichen Vertreters haben.<\/p>\n<p>Der Verantwortliche bittet Sie, jede \u00c4nderung Ihrer Kontaktdaten mitzuteilen, um die Aktualit\u00e4t der Daten zu gew\u00e4hrleisten.<\/p>\n<h3>3. Schutz personenbezogener Daten<\/h3>\n<p>Der Verantwortliche verwendet und verarbeitet personenbezogene Daten auf Grundlage der geltenden slowenischen Gesetzgebung und des Rechts der Europ\u00e4ischen Union.<\/p>\n<p>Der Verantwortliche als Datenverwalter respektiert Ihre Privatsph\u00e4re und verpflichtet sich, alle erhobenen personenbezogenen Daten sorgf\u00e4ltig zu sch\u00fctzen und diese ohne Ihre Einwilligung weder an Dritte weiterzugeben noch f\u00fcr andere Zwecke zu verwenden, als f\u00fcr die Zwecke, f\u00fcr die die personenbezogenen Daten bereitgestellt wurden.<\/p>\n<p>Personenbezogene Daten, die der Verantwortliche von Ihnen erhoben hat, k\u00f6nnen an Dritte weitergegeben werden, wobei sichergestellt sein muss, dass eine rechtliche Grundlage f\u00fcr die Weitergabe besteht (Ihre ausdr\u00fcckliche Einwilligung oder eine gesetzliche Bestimmung).<\/p>\n<p>Alle Ihre personenbezogenen Daten werden auf sicheren Servern des Verantwortlichen oder auf sicheren Servern von Auftragnehmern oder Gesch\u00e4ftspartnern des Verantwortlichen (oder in sicherer Papierform) gespeichert, wobei beim Zugriff zu diesen Daten und deren Verwendung die Sicherheitsrichtlinien und -standards des Verantwortlichen angewendet werden.<\/p>\n<p>Obwohl bei der \u00dcbertragung von Daten \u00fcber das Internet oder die Webseite kein vollst\u00e4ndiger Schutz vor Cyberangriffen gew\u00e4hrleistet werden kann, bem\u00fcht sich der Verantwortliche gemeinsam mit seinen Auftragnehmern und Gesch\u00e4ftspartnern nach Kr\u00e4ften, physische, elektronische und verfahrensbezogene Schutzma\u00dfnahmen zum Schutz Ihrer Daten gem\u00e4\u00df den geltenden Datenschutzanforderungen umzusetzen.<\/p>\n<p>Der Verantwortliche hat den Zugang zu Ihren Daten auf diejenigen Personen beschr\u00e4nkt, die diese f\u00fcr den jeweiligen Zweck ben\u00f6tigen.<\/p>\n<h3>4. Speicherfristen<\/h3>\n<p>Speicherfristen f\u00fcr personenbezogene Daten h\u00e4ngen von der Rechtsgrundlage und dem Zweck der Verarbeitung der jeweiligen Kategorie personenbezogener Daten ab. Personenbezogene Daten werden nur so lange gespeichert, wie dies vorgeschrieben bzw. zul\u00e4ssig ist und wie es zur Erreichung des Zwecks erforderlich ist, f\u00fcr den sie erhoben oder weiterverarbeitet wurden. Nach Erf\u00fcllung des Verarbeitungszwecks werden personenbezogene Daten gel\u00f6scht, vernichtet, gesperrt oder anonymisiert, sofern keine andere Rechtsgrundlage besteht oder dies zur Geltendmachung, Aus\u00fcbung oder Verteidigung von Rechtsanspr\u00fcchen erforderlich ist.<\/p>\n<h3>5. Ihre Rechte<\/h3>\n<p>Sie haben Recht,:<\/p>\n<ul>\n<li>vom Verantwortlichen weitere Einzelheiten dar\u00fcber zu verlangen, wie der Verantwortliche Ihre Daten verwendet;<\/li>\n<li>zu Ihren personenbezogenen Daten sowie zu Kopien der Daten, die Sie dem Verantwortlichen bereitgestellt haben, zuzugreifen;<\/li>\n<li>die personenbezogenen Daten, die Sie dem Verantwortlichen bereitgestellt haben, in einem strukturierten, g\u00e4ngigen und maschinenlesbaren Format zu erhalten, und das Recht, diese Daten ohne Behinderung einem anderen Verantwortlichen zu \u00fcbermitteln, soweit dies technisch machbar ist, wenn die Verarbeitung Ihrer Daten auf Ihrer Einwilligung oder einem Vertrag beruht und mit automatisierten Mitteln erfolgt;<\/li>\n<li>vom Verantwortlichen zu verlangen, alle Ungenauigkeiten in den gespeicherten Daten zu aktualisieren;<\/li>\n<li>vom Verantwortlichen zu verlangen, alle Daten zu l\u00f6schen, f\u00fcr deren Verwendung keine gesetzliche Grundlage mehr besteht;<\/li>\n<li>wenn die Verarbeitung auf Ihrer Einwilligung beruht und im Zusammenhang mit Direktmarketing steht, Ihre Einwilligung mit Wirkung f\u00fcr die Zukunft zu widerrufen, sodass der Verantwortliche diese Verarbeitung einstellt;<\/li>\n<li>jeder Verarbeitung zu widersprechen, die auf berechtigten Interessen beruht, aufgrund Ihrer besonderen Umst\u00e4nde, es sei denn, die Gr\u00fcnde des Verantwortlichen f\u00fcr diese Verarbeitung haben Vorrang vor jeglichem Eingriff in Ihre Datenschutzrechte;<\/li>\n<li>vom Verantwortlichen zu verlangen, die Art und Weise, wie Ihre Daten verwendet werden, einzuschr\u00e4nken, zum Beispiel w\u00e4hrend der Pr\u00fcfung einer Beschwerde.<\/li>\n<\/ul>\n<p>Bei der Aus\u00fcbung dieser Rechte gelten bestimmte Ausnahmen zum Schutz des \u00f6ffentlichen Interesses (z.\u202fB. Verhinderung oder Aufdeckung von Straftaten), der Interessen des Verantwortlichen (z.\u202fB. Gew\u00e4hrleistung der Vertraulichkeit) oder der Rechte und Freiheiten Dritter. Wenn Sie eines dieser Rechte geltend machen, wird der Verantwortliche Ihre Berechtigung pr\u00fcfen und ohne unn\u00f6tige Verz\u00f6gerung, sp\u00e4testens jedoch innerhalb eines Monats, antworten. In komplexen F\u00e4llen oder bei Eingang einer gro\u00dfen Anzahl von Anfragen kann diese Frist um weitere zwei Monate verl\u00e4ngert werden, wor\u00fcber Sie der Verantwortliche informieren wird.<\/p>\n<p>Sie haben jederzeit das Recht, eine Beschwerde bei der Datenschutzaufsichtsbeh\u00f6rde einzureichen: Informationsbeauftragter, Zalo\u0161ka 59, SI-1000 Ljubljana.\u00a0<a href=\"http:\/\/www.ip-rs.si\/\">www.ip-rs.si<\/a>.<\/p>\n<h3>6. Verantwortlicher<\/h3>\n<p>Der Verantwortliche f\u00fcr Ihre personenbezogene Daten ist Klin d.o.o., IOC Zapolje cesta I \/ 30, SI-1370 Logatec.<\/p>\n<p>Die Kontaktadresse f\u00fcr den Schutz Ihrer Daten lautet info@klin-dimniki.com.<\/p>\n","protected":false},"excerpt":{"rendered":"<p>Schutz personenbezogener Daten Der Schutz Ihrer Privatsph\u00e4re ist uns wichtig, daher m\u00f6chten wir Ihnen mit diesen Informationen helfen zu verstehen, welche personenbezogenen Daten wir erheben, warum wir sie erheben, wie wir sie verwenden, welche Verarbeitungsvorg\u00e4nge wir durchf\u00fchren und welche Rechte Sie haben und wie Sie diese aus\u00fcben k\u00f6nnen. 1. Allgemeines Klin d.o.o., IOC Zapolje cesta [&hellip;]<\/p>\n","protected":false},"author":1,"featured_media":0,"parent":0,"menu_order":100,"comment_status":"closed","ping_status":"closed","template":"","meta":{"_acf_changed":false,"inline_featured_image":false,"footnotes":""},"class_list":["post-1245","page","type-page","status-publish","hentry"],"acf":[],"yoast_head":"<!-- This site is optimized with the Yoast SEO plugin v19.14 - https:\/\/yoast.com\/wordpress\/plugins\/seo\/ -->\n<title>Datenschutzerkl\u00e4rung - Klin<\/title>\n<meta name=\"robots\" content=\"index, follow, max-snippet:-1, max-image-preview:large, max-video-preview:-1\" \/>\n<link rel=\"canonical\" href=\"https:\/\/klin-dimniki.com\/de\/datenschutzerklaerung\/\" \/>\n<meta property=\"og:locale\" content=\"de_DE\" \/>\n<meta property=\"og:type\" content=\"article\" \/>\n<meta property=\"og:title\" content=\"Datenschutzerkl\u00e4rung - Klin\" \/>\n<meta property=\"og:description\" content=\"Schutz personenbezogener Daten Der Schutz Ihrer Privatsph\u00e4re ist uns wichtig, daher m\u00f6chten wir Ihnen mit diesen Informationen helfen zu verstehen, welche personenbezogenen Daten wir erheben, warum wir sie erheben, wie wir sie verwenden, welche Verarbeitungsvorg\u00e4nge wir durchf\u00fchren und welche Rechte Sie haben und wie Sie diese aus\u00fcben k\u00f6nnen. 1. Allgemeines Klin d.o.o., IOC Zapolje cesta [&hellip;]\" \/>\n<meta property=\"og:url\" content=\"https:\/\/klin-dimniki.com\/de\/datenschutzerklaerung\/\" \/>\n<meta property=\"og:site_name\" content=\"Klin\" \/>\n<meta property=\"article:modified_time\" content=\"2026-02-17T11:22:48+00:00\" \/>\n<meta name=\"twitter:card\" content=\"summary_large_image\" \/>\n<meta name=\"twitter:label1\" content=\"Est. reading time\" \/>\n\t<meta name=\"twitter:data1\" content=\"5 minutes\" \/>\n<script type=\"application\/ld+json\" class=\"yoast-schema-graph\">{\"@context\":\"https:\/\/schema.org\",\"@graph\":[{\"@type\":\"WebPage\",\"@id\":\"https:\/\/klin-dimniki.com\/de\/datenschutzerklaerung\/\",\"url\":\"https:\/\/klin-dimniki.com\/de\/datenschutzerklaerung\/\",\"name\":\"Datenschutzerkl\u00e4rung - Klin\",\"isPartOf\":{\"@id\":\"https:\/\/klin-dimniki.com\/de\/#website\"},\"datePublished\":\"2024-09-03T11:13:45+00:00\",\"dateModified\":\"2026-02-17T11:22:48+00:00\",\"breadcrumb\":{\"@id\":\"https:\/\/klin-dimniki.com\/de\/datenschutzerklaerung\/#breadcrumb\"},\"inLanguage\":\"de-DE\",\"potentialAction\":[{\"@type\":\"ReadAction\",\"target\":[\"https:\/\/klin-dimniki.com\/de\/datenschutzerklaerung\/\"]}]},{\"@type\":\"BreadcrumbList\",\"@id\":\"https:\/\/klin-dimniki.com\/de\/datenschutzerklaerung\/#breadcrumb\",\"itemListElement\":[{\"@type\":\"ListItem\",\"position\":1,\"name\":\"Home\",\"item\":\"https:\/\/klin-dimniki.com\/de\/\"},{\"@type\":\"ListItem\",\"position\":2,\"name\":\"Datenschutzerkl\u00e4rung\"}]},{\"@type\":\"WebSite\",\"@id\":\"https:\/\/klin-dimniki.com\/de\/#website\",\"url\":\"https:\/\/klin-dimniki.com\/de\/\",\"name\":\"Klin\",\"description\":\"Izdelava in monta\u017ea kovinskih dimnikov\",\"publisher\":{\"@id\":\"https:\/\/klin-dimniki.com\/de\/#organization\"},\"alternateName\":\"Klin\",\"potentialAction\":[{\"@type\":\"SearchAction\",\"target\":{\"@type\":\"EntryPoint\",\"urlTemplate\":\"https:\/\/klin-dimniki.com\/de\/?s={search_term_string}\"},\"query-input\":\"required name=search_term_string\"}],\"inLanguage\":\"de-DE\"},{\"@type\":\"Organization\",\"@id\":\"https:\/\/klin-dimniki.com\/de\/#organization\",\"name\":\"Klin\",\"url\":\"https:\/\/klin-dimniki.com\/de\/\",\"logo\":{\"@type\":\"ImageObject\",\"inLanguage\":\"de-DE\",\"@id\":\"https:\/\/klin-dimniki.com\/de\/#\/schema\/logo\/image\/\",\"url\":\"https:\/\/klin.agencijaepic.si\/app\/uploads\/2024\/12\/klin-logo-1.svg\",\"contentUrl\":\"https:\/\/klin.agencijaepic.si\/app\/uploads\/2024\/12\/klin-logo-1.svg\",\"width\":\"1024\",\"height\":\"1024\",\"caption\":\"Klin\"},\"image\":{\"@id\":\"https:\/\/klin-dimniki.com\/de\/#\/schema\/logo\/image\/\"}}]}<\/script>\n<!-- \/ Yoast SEO plugin. -->","yoast_head_json":{"title":"Datenschutzerkl\u00e4rung - Klin","robots":{"index":"index","follow":"follow","max-snippet":"max-snippet:-1","max-image-preview":"max-image-preview:large","max-video-preview":"max-video-preview:-1"},"canonical":"https:\/\/klin-dimniki.com\/de\/datenschutzerklaerung\/","og_locale":"de_DE","og_type":"article","og_title":"Datenschutzerkl\u00e4rung - Klin","og_description":"Schutz personenbezogener Daten Der Schutz Ihrer Privatsph\u00e4re ist uns wichtig, daher m\u00f6chten wir Ihnen mit diesen Informationen helfen zu verstehen, welche personenbezogenen Daten wir erheben, warum wir sie erheben, wie wir sie verwenden, welche Verarbeitungsvorg\u00e4nge wir durchf\u00fchren und welche Rechte Sie haben und wie Sie diese aus\u00fcben k\u00f6nnen. 1. Allgemeines Klin d.o.o., IOC Zapolje cesta [&hellip;]","og_url":"https:\/\/klin-dimniki.com\/de\/datenschutzerklaerung\/","og_site_name":"Klin","article_modified_time":"2026-02-17T11:22:48+00:00","twitter_card":"summary_large_image","twitter_misc":{"Est. reading time":"5 minutes"},"schema":{"@context":"https:\/\/schema.org","@graph":[{"@type":"WebPage","@id":"https:\/\/klin-dimniki.com\/de\/datenschutzerklaerung\/","url":"https:\/\/klin-dimniki.com\/de\/datenschutzerklaerung\/","name":"Datenschutzerkl\u00e4rung - Klin","isPartOf":{"@id":"https:\/\/klin-dimniki.com\/de\/#website"},"datePublished":"2024-09-03T11:13:45+00:00","dateModified":"2026-02-17T11:22:48+00:00","breadcrumb":{"@id":"https:\/\/klin-dimniki.com\/de\/datenschutzerklaerung\/#breadcrumb"},"inLanguage":"de-DE","potentialAction":[{"@type":"ReadAction","target":["https:\/\/klin-dimniki.com\/de\/datenschutzerklaerung\/"]}]},{"@type":"BreadcrumbList","@id":"https:\/\/klin-dimniki.com\/de\/datenschutzerklaerung\/#breadcrumb","itemListElement":[{"@type":"ListItem","position":1,"name":"Home","item":"https:\/\/klin-dimniki.com\/de\/"},{"@type":"ListItem","position":2,"name":"Datenschutzerkl\u00e4rung"}]},{"@type":"WebSite","@id":"https:\/\/klin-dimniki.com\/de\/#website","url":"https:\/\/klin-dimniki.com\/de\/","name":"Klin","description":"Izdelava in monta\u017ea kovinskih dimnikov","publisher":{"@id":"https:\/\/klin-dimniki.com\/de\/#organization"},"alternateName":"Klin","potentialAction":[{"@type":"SearchAction","target":{"@type":"EntryPoint","urlTemplate":"https:\/\/klin-dimniki.com\/de\/?s={search_term_string}"},"query-input":"required name=search_term_string"}],"inLanguage":"de-DE"},{"@type":"Organization","@id":"https:\/\/klin-dimniki.com\/de\/#organization","name":"Klin","url":"https:\/\/klin-dimniki.com\/de\/","logo":{"@type":"ImageObject","inLanguage":"de-DE","@id":"https:\/\/klin-dimniki.com\/de\/#\/schema\/logo\/image\/","url":"https:\/\/klin.agencijaepic.si\/app\/uploads\/2024\/12\/klin-logo-1.svg","contentUrl":"https:\/\/klin.agencijaepic.si\/app\/uploads\/2024\/12\/klin-logo-1.svg","width":"1024","height":"1024","caption":"Klin"},"image":{"@id":"https:\/\/klin-dimniki.com\/de\/#\/schema\/logo\/image\/"}}]}},"_links":{"self":[{"href":"https:\/\/klin-dimniki.com\/de\/wp-json\/wp\/v2\/pages\/1245","targetHints":{"allow":["GET"]}}],"collection":[{"href":"https:\/\/klin-dimniki.com\/de\/wp-json\/wp\/v2\/pages"}],"about":[{"href":"https:\/\/klin-dimniki.com\/de\/wp-json\/wp\/v2\/types\/page"}],"author":[{"embeddable":true,"href":"https:\/\/klin-dimniki.com\/de\/wp-json\/wp\/v2\/users\/1"}],"replies":[{"embeddable":true,"href":"https:\/\/klin-dimniki.com\/de\/wp-json\/wp\/v2\/comments?post=1245"}],"version-history":[{"count":3,"href":"https:\/\/klin-dimniki.com\/de\/wp-json\/wp\/v2\/pages\/1245\/revisions"}],"predecessor-version":[{"id":1390,"href":"https:\/\/klin-dimniki.com\/de\/wp-json\/wp\/v2\/pages\/1245\/revisions\/1390"}],"wp:attachment":[{"href":"https:\/\/klin-dimniki.com\/de\/wp-json\/wp\/v2\/media?parent=1245"}],"curies":[{"name":"wp","href":"https:\/\/api.w.org\/{rel}","templated":true}]}}